{"id":136,"date":"2023-02-09T16:35:18","date_gmt":"2023-02-09T15:35:18","guid":{"rendered":"https:\/\/www.leseditionsduroqual.com\/editionsduroqual\/?page_id=136"},"modified":"2023-02-09T16:37:06","modified_gmt":"2023-02-09T15:37:06","slug":"remboursements_retours","status":"publish","type":"page","link":"https:\/\/www.leseditionsduroqual.com\/index.php\/remboursements_retours\/","title":{"rendered":"Conditions g\u00e9n\u00e9rales de vente"},"content":{"rendered":"\n<p>Applicables \u00e0 compter du 15 janvier 2023<\/p>\n\n\n\n<ol class=\"wp-block-list\">\n<li>Les Editions du Roqual ont pour activit\u00e9, l\u2019\u00e9dition, la publication, d\u2019ouvrages dont le contenu est pour une part technique ou scientifique.<\/li>\n\n\n\n<li>La vente de nos ouvrages se fait principalement par correspondance.<\/li>\n\n\n\n<li>Le prix de nos ouvrages est TTC et Franco de port.<\/li>\n\n\n\n<li>L\u2019envoi d\u2019un ou des ouvrages se fait par la Poste.<\/li>\n\n\n\n<li>Le r\u00e8glement des commandes s&rsquo;effectue avant exp\u00e9dition :<br>soit par ch\u00e8que ;<br>soit par carte bancaire ;<br>soit par virement bancaire<\/li>\n\n\n\n<li>En cas de dommages occasionn\u00e9s pendant le transport, le client devra refuser le colis et la Poste retournera le colis aux Editions du Roqual.<\/li>\n\n\n\n<li>Les Editions du Roqual renverront un colis \u00e9quivalent \u00e0 titre d\u2019\u00e9change.<\/li>\n\n\n\n<li>La r\u00e9ception d\u2019un ou plusieurs ouvrages vaut pour acceptation sans r\u00e9serve et ne peut donner lieu \u00e0 un retour du livre.<\/li>\n\n\n\n<li>En cliquant sur le bouton \u00ab validation finale \u2013 commander et payer \u00bb \u00e0 l\u2019issue du processus de commande, le client d\u00e9clare accepter la commande et l\u2019int\u00e9gralit\u00e9 des conditions g\u00e9n\u00e9rales de vente.<\/li>\n<\/ol>\n","protected":false},"excerpt":{"rendered":"<p>Applicables \u00e0 compter du 15 janvier 2023<\/p>\n","protected":false},"author":1,"featured_media":0,"parent":0,"menu_order":0,"comment_status":"closed","ping_status":"closed","template":"","meta":{"footnotes":""},"class_list":["post-136","page","type-page","status-publish","hentry","entry"],"_links":{"self":[{"href":"https:\/\/www.leseditionsduroqual.com\/index.php\/wp-json\/wp\/v2\/pages\/136","targetHints":{"allow":["GET"]}}],"collection":[{"href":"https:\/\/www.leseditionsduroqual.com\/index.php\/wp-json\/wp\/v2\/pages"}],"about":[{"href":"https:\/\/www.leseditionsduroqual.com\/index.php\/wp-json\/wp\/v2\/types\/page"}],"author":[{"embeddable":true,"href":"https:\/\/www.leseditionsduroqual.com\/index.php\/wp-json\/wp\/v2\/users\/1"}],"replies":[{"embeddable":true,"href":"https:\/\/www.leseditionsduroqual.com\/index.php\/wp-json\/wp\/v2\/comments?post=136"}],"version-history":[{"count":4,"href":"https:\/\/www.leseditionsduroqual.com\/index.php\/wp-json\/wp\/v2\/pages\/136\/revisions"}],"predecessor-version":[{"id":251,"href":"https:\/\/www.leseditionsduroqual.com\/index.php\/wp-json\/wp\/v2\/pages\/136\/revisions\/251"}],"wp:attachment":[{"href":"https:\/\/www.leseditionsduroqual.com\/index.php\/wp-json\/wp\/v2\/media?parent=136"}],"curies":[{"name":"wp","href":"https:\/\/api.w.org\/{rel}","templated":true}]}}