{"id":6,"date":"2023-02-06T09:43:53","date_gmt":"2023-02-06T08:43:53","guid":{"rendered":"https:\/\/www.leseditionsduroqual.com\/editionsduroqual\/?page_id=6"},"modified":"2023-05-17T16:11:51","modified_gmt":"2023-05-17T14:11:51","slug":"accueil","status":"publish","type":"page","link":"https:\/\/www.leseditionsduroqual.com\/","title":{"rendered":"Accueil"},"content":{"rendered":"\n<div class=\"wp-block-cover alignfull tw-mt-0\" style=\"min-height:500px;aspect-ratio:unset;\"><span aria-hidden=\"true\" class=\"wp-block-cover__background has-background-dim-0 has-background-dim\"><\/span><img loading=\"lazy\" decoding=\"async\" width=\"2500\" height=\"832\" sizes=\"auto, (max-width: 799px) 200vw,(max-width: 2500px) 100vw,2500px\" class=\"wp-block-cover__image-background wp-image-234\" alt=\"\" src=\"https:\/\/www.leseditionsduroqual.com\/wp-content\/uploads\/2023\/02\/ILLUSTRATION-ACCUEIL.jpg\" data-object-fit=\"cover\" srcset=\"https:\/\/www.leseditionsduroqual.com\/wp-content\/uploads\/2023\/02\/ILLUSTRATION-ACCUEIL.jpg 2500w, https:\/\/www.leseditionsduroqual.com\/wp-content\/uploads\/2023\/02\/ILLUSTRATION-ACCUEIL-600x200.jpg 600w, https:\/\/www.leseditionsduroqual.com\/wp-content\/uploads\/2023\/02\/ILLUSTRATION-ACCUEIL-300x100.jpg 300w, https:\/\/www.leseditionsduroqual.com\/wp-content\/uploads\/2023\/02\/ILLUSTRATION-ACCUEIL-1024x341.jpg 1024w, https:\/\/www.leseditionsduroqual.com\/wp-content\/uploads\/2023\/02\/ILLUSTRATION-ACCUEIL-768x256.jpg 768w, https:\/\/www.leseditionsduroqual.com\/wp-content\/uploads\/2023\/02\/ILLUSTRATION-ACCUEIL-1536x511.jpg 1536w, https:\/\/www.leseditionsduroqual.com\/wp-content\/uploads\/2023\/02\/ILLUSTRATION-ACCUEIL-2048x682.jpg 2048w, https:\/\/www.leseditionsduroqual.com\/wp-content\/uploads\/2023\/02\/ILLUSTRATION-ACCUEIL-1568x522.jpg 1568w\" \/><div class=\"wp-block-cover__inner-container is-layout-flow wp-block-cover-is-layout-flow\">\n<h1 class=\"wp-block-heading alignwide has-text-align-left has-text-color\" style=\"color:#ffc973;font-size:100px;font-style:normal;font-weight:700;text-transform:uppercase\">LA PROCHAINE GUERRE<br>SERA NUCL\u00c9AIRE<\/h1>\n<\/div><\/div>\n\n\n\n<div class=\"wp-block-group alignfull\"><div class=\"wp-block-group__inner-container is-layout-flow wp-block-group-is-layout-flow\">\n<div class=\"wp-block-media-text alignwide has-media-on-the-right is-stacked-on-mobile tw-stack-md\" style=\"grid-template-columns:auto 49%\"><div class=\"wp-block-media-text__content\">\n<h2 class=\"wp-block-heading\">Ce qu&rsquo;il faut savoir pour se prot\u00e9ger des retomb\u00e9es radioactives<\/h2>\n\n\n\n<p>La premi\u00e8re partie de ce livre nous permet de comprendre pourquoi nous allons vers une guerre nucl\u00e9aire.<\/p>\n\n\n\n<p>La seconde partie nous permet de savoir ce qu\u2019il faut faire pour se prot\u00e9ger contre le rayonnement Gamma des retomb\u00e9es radioactives.<\/p>\n\n\n\n<p>\u00ab\u00a0Un livre qui nous captive d\u00e8s les premi\u00e8res pages et nous fait d\u00e9couvrir des choses que l\u2019on ignorait compl\u00e8tement&nbsp;; un livre que l\u2019on a plaisir \u00e0 lire.\u00a0\u00bb<\/p>\n\n\n\n<p><strong>Dans une guerre conventionnelle 95% des victimes sont des militaires, dans une guerre nucl\u00e9aire 95% des victimes&nbsp; seront des civils.<\/strong><\/p>\n<\/div><figure class=\"wp-block-media-text__media\"><img loading=\"lazy\" decoding=\"async\" width=\"1024\" height=\"819\" src=\"https:\/\/www.leseditionsduroqual.com\/wp-content\/uploads\/2023\/02\/ACCUEIL-LIVRE-1024x819.jpg\" alt=\"\" class=\"wp-image-30 size-full\" srcset=\"https:\/\/www.leseditionsduroqual.com\/wp-content\/uploads\/2023\/02\/ACCUEIL-LIVRE-1024x819.jpg 1024w, https:\/\/www.leseditionsduroqual.com\/wp-content\/uploads\/2023\/02\/ACCUEIL-LIVRE-600x480.jpg 600w, https:\/\/www.leseditionsduroqual.com\/wp-content\/uploads\/2023\/02\/ACCUEIL-LIVRE-300x240.jpg 300w, https:\/\/www.leseditionsduroqual.com\/wp-content\/uploads\/2023\/02\/ACCUEIL-LIVRE-768x614.jpg 768w, https:\/\/www.leseditionsduroqual.com\/wp-content\/uploads\/2023\/02\/ACCUEIL-LIVRE.jpg 1500w\" sizes=\"auto, (max-width: 1024px) 100vw, 1024px\" \/><\/figure><\/div>\n<\/div><\/div>\n\n\n\n<div class=\"wp-block-group alignfull\"><div class=\"wp-block-group__inner-container is-layout-flow wp-block-group-is-layout-flow\">\n<div class=\"wp-block-media-text alignwide is-stacked-on-mobile is-style-tw-overlap has-subtle-background-color has-background\" style=\"grid-template-columns:56% auto\"><figure class=\"wp-block-media-text__media\"><img loading=\"lazy\" decoding=\"async\" width=\"1024\" height=\"765\" src=\"https:\/\/www.leseditionsduroqual.com\/wp-content\/uploads\/2023\/02\/ABRI-PCF-SALLE-PRINCIPALE-1024x765.jpg\" alt=\"Salle principale de l'abri du PCF, pouvant contenir 500 personnes\" class=\"wp-image-40 size-full\" srcset=\"https:\/\/www.leseditionsduroqual.com\/wp-content\/uploads\/2023\/02\/ABRI-PCF-SALLE-PRINCIPALE-1024x765.jpg 1024w, https:\/\/www.leseditionsduroqual.com\/wp-content\/uploads\/2023\/02\/ABRI-PCF-SALLE-PRINCIPALE-600x448.jpg 600w, https:\/\/www.leseditionsduroqual.com\/wp-content\/uploads\/2023\/02\/ABRI-PCF-SALLE-PRINCIPALE-300x224.jpg 300w, https:\/\/www.leseditionsduroqual.com\/wp-content\/uploads\/2023\/02\/ABRI-PCF-SALLE-PRINCIPALE-768x574.jpg 768w, https:\/\/www.leseditionsduroqual.com\/wp-content\/uploads\/2023\/02\/ABRI-PCF-SALLE-PRINCIPALE.jpg 1500w\" sizes=\"auto, (max-width: 1024px) 100vw, 1024px\" \/><\/figure><div class=\"wp-block-media-text__content\">\n<h2 class=\"wp-block-heading has-extra-large-font-size\">En France, l\u2019ignorance et l\u2019impr\u00e9paration tuera vingt fois plus que les explosions.<\/h2>\n\n\n\n<p>100% des suisses disposent d\u2019une place dans un abri, 100% des isra\u00e9liens, 90% des russes, 80% des chinois, la population de la Finlande est prot\u00e9g\u00e9e \u00e0 90% etc\u2026<\/p>\n\n\n\n<p>En France 0%.<\/p>\n\n\n\n<p>Pour \u00eatre tout \u00e0 fait exact, il existe quelques rares abris N.B.C (Nucl\u00e9aire Bact\u00e9riologique Chimique) dont celui du si\u00e8ge du parti communiste fran\u00e7ais, place du Colonel Fabien \u00e0 Paris.<\/p>\n\n\n\n<p>Con\u00e7u \u00e0 l\u2019\u00e9poque de l\u2019Union Sovi\u00e9tique par l\u2019architecte br\u00e9silien Oscar Niemeyer, ce b\u00e2timent construit entre 1969 et 1971 a n\u00e9cessit\u00e9 le transport de 7 mille m\u00e8tres cube de b\u00e9ton.<\/p>\n\n\n\n<p>Avec sa forme de coquille d\u2019\u0153uf, il peut r\u00e9sister \u00e0 une pression sup\u00e9rieure de 5 A.T.M.<\/p>\n<\/div><\/div>\n<\/div><\/div>\n\n\n\n<figure class=\"wp-block-embed is-type-video is-provider-youtube wp-block-embed-youtube wp-embed-aspect-16-9 wp-has-aspect-ratio\"><div class=\"wp-block-embed__wrapper\">\n<iframe loading=\"lazy\" title=\"La prochaine guerre sera nucl\u00e9aire_Episode 1\" width=\"750\" height=\"422\" src=\"https:\/\/www.youtube.com\/embed\/lL0gl0xLBwA?feature=oembed\" frameborder=\"0\" allow=\"accelerometer; autoplay; clipboard-write; encrypted-media; gyroscope; picture-in-picture; web-share\" allowfullscreen><\/iframe>\n<\/div><\/figure>\n\n\n\n<figure class=\"wp-block-gallery alignwide has-nested-images columns-5 is-cropped tw-img-ratio-3-2 tw-gutter-no tw-cols-large wp-block-gallery-1 is-layout-flex wp-block-gallery-is-layout-flex\">\n<figure class=\"wp-block-image size-large\"><a href=\"https:\/\/www.leseditionsduroqual.com\/wp-content\/uploads\/2023\/02\/ABRI-PCF-JOINT-ETANCHEITE.jpg\"><img loading=\"lazy\" decoding=\"async\" width=\"714\" height=\"960\" data-id=\"44\" src=\"https:\/\/www.leseditionsduroqual.com\/editionsduroqual\/wp-content\/uploads\/2023\/02\/ABRI-PCF-JOINT-ETANCHEITE.jpg\" alt=\"\" class=\"wp-image-44\" srcset=\"https:\/\/www.leseditionsduroqual.com\/wp-content\/uploads\/2023\/02\/ABRI-PCF-JOINT-ETANCHEITE.jpg 714w, https:\/\/www.leseditionsduroqual.com\/wp-content\/uploads\/2023\/02\/ABRI-PCF-JOINT-ETANCHEITE-600x807.jpg 600w, https:\/\/www.leseditionsduroqual.com\/wp-content\/uploads\/2023\/02\/ABRI-PCF-JOINT-ETANCHEITE-223x300.jpg 223w\" sizes=\"auto, (max-width: 714px) 100vw, 714px\" \/><\/a><figcaption class=\"wp-element-caption\">Un joint d\u2019\u00e9tanch\u00e9it\u00e9 sur chaque c\u00f4t\u00e9 de la porte<\/figcaption><\/figure>\n\n\n\n<figure class=\"wp-block-image size-large\"><a href=\"https:\/\/www.leseditionsduroqual.com\/wp-content\/uploads\/2023\/02\/ABRI-PCF-EPAISSEUR-PORTES.jpg\"><img loading=\"lazy\" decoding=\"async\" width=\"966\" height=\"722\" data-id=\"43\" src=\"https:\/\/www.leseditionsduroqual.com\/editionsduroqual\/wp-content\/uploads\/2023\/02\/ABRI-PCF-EPAISSEUR-PORTES.jpg\" alt=\"\" class=\"wp-image-43\" srcset=\"https:\/\/www.leseditionsduroqual.com\/wp-content\/uploads\/2023\/02\/ABRI-PCF-EPAISSEUR-PORTES.jpg 966w, https:\/\/www.leseditionsduroqual.com\/wp-content\/uploads\/2023\/02\/ABRI-PCF-EPAISSEUR-PORTES-600x448.jpg 600w, https:\/\/www.leseditionsduroqual.com\/wp-content\/uploads\/2023\/02\/ABRI-PCF-EPAISSEUR-PORTES-300x224.jpg 300w, https:\/\/www.leseditionsduroqual.com\/wp-content\/uploads\/2023\/02\/ABRI-PCF-EPAISSEUR-PORTES-768x574.jpg 768w\" sizes=\"auto, (max-width: 966px) 100vw, 966px\" \/><\/a><figcaption class=\"wp-element-caption\">Sur cette photo, on voit l&rsquo;\u00e9paisseur de la porte en acier, \u00e9quip\u00e9e des joints d&rsquo;\u00e9tanch\u00e9it\u00e9<\/figcaption><\/figure>\n\n\n\n<figure class=\"wp-block-image size-large\"><a href=\"https:\/\/www.leseditionsduroqual.com\/wp-content\/uploads\/2023\/02\/ABRI-PCF-PORTE-BLINDEE.jpg\"><img loading=\"lazy\" decoding=\"async\" width=\"939\" height=\"703\" data-id=\"46\" src=\"https:\/\/www.leseditionsduroqual.com\/editionsduroqual\/wp-content\/uploads\/2023\/02\/ABRI-PCF-PORTE-BLINDEE.jpg\" alt=\"\" class=\"wp-image-46\" srcset=\"https:\/\/www.leseditionsduroqual.com\/wp-content\/uploads\/2023\/02\/ABRI-PCF-PORTE-BLINDEE.jpg 939w, https:\/\/www.leseditionsduroqual.com\/wp-content\/uploads\/2023\/02\/ABRI-PCF-PORTE-BLINDEE-600x449.jpg 600w, https:\/\/www.leseditionsduroqual.com\/wp-content\/uploads\/2023\/02\/ABRI-PCF-PORTE-BLINDEE-300x225.jpg 300w, https:\/\/www.leseditionsduroqual.com\/wp-content\/uploads\/2023\/02\/ABRI-PCF-PORTE-BLINDEE-768x575.jpg 768w\" sizes=\"auto, (max-width: 939px) 100vw, 939px\" \/><\/a><figcaption class=\"wp-element-caption\">L&rsquo;une des portes ext\u00e9rieures, blind\u00e9es en acier et coulissante<\/figcaption><\/figure>\n\n\n\n<figure class=\"wp-block-image size-large\"><a href=\"https:\/\/www.leseditionsduroqual.com\/wp-content\/uploads\/2023\/02\/ABRI-PCF-PORTES-BLINDEES.jpg\"><img loading=\"lazy\" decoding=\"async\" width=\"1024\" height=\"763\" data-id=\"47\" src=\"https:\/\/www.leseditionsduroqual.com\/editionsduroqual\/wp-content\/uploads\/2023\/02\/ABRI-PCF-PORTES-BLINDEES-1024x763.jpg\" alt=\"\" class=\"wp-image-47\" srcset=\"https:\/\/www.leseditionsduroqual.com\/wp-content\/uploads\/2023\/02\/ABRI-PCF-PORTES-BLINDEES-1024x763.jpg 1024w, https:\/\/www.leseditionsduroqual.com\/wp-content\/uploads\/2023\/02\/ABRI-PCF-PORTES-BLINDEES-600x447.jpg 600w, https:\/\/www.leseditionsduroqual.com\/wp-content\/uploads\/2023\/02\/ABRI-PCF-PORTES-BLINDEES-300x224.jpg 300w, https:\/\/www.leseditionsduroqual.com\/wp-content\/uploads\/2023\/02\/ABRI-PCF-PORTES-BLINDEES-768x572.jpg 768w, https:\/\/www.leseditionsduroqual.com\/wp-content\/uploads\/2023\/02\/ABRI-PCF-PORTES-BLINDEES-1536x1145.jpg 1536w, https:\/\/www.leseditionsduroqual.com\/wp-content\/uploads\/2023\/02\/ABRI-PCF-PORTES-BLINDEES-1568x1168.jpg 1568w, https:\/\/www.leseditionsduroqual.com\/wp-content\/uploads\/2023\/02\/ABRI-PCF-PORTES-BLINDEES.jpg 1903w\" sizes=\"auto, (max-width: 1024px) 100vw, 1024px\" \/><\/a><figcaption class=\"wp-element-caption\">Un abri dans l&rsquo;abri avec des portes blind\u00e9es coulissantes<\/figcaption><\/figure>\n\n\n\n<figure class=\"wp-block-image size-large\"><a href=\"https:\/\/www.leseditionsduroqual.com\/wp-content\/uploads\/2023\/02\/ABRI-PCF-PORTES-CLOSES.jpg\"><img loading=\"lazy\" decoding=\"async\" width=\"622\" height=\"839\" data-id=\"48\" src=\"https:\/\/www.leseditionsduroqual.com\/editionsduroqual\/wp-content\/uploads\/2023\/02\/ABRI-PCF-PORTES-CLOSES.jpg\" alt=\"\" class=\"wp-image-48\" srcset=\"https:\/\/www.leseditionsduroqual.com\/wp-content\/uploads\/2023\/02\/ABRI-PCF-PORTES-CLOSES.jpg 622w, https:\/\/www.leseditionsduroqual.com\/wp-content\/uploads\/2023\/02\/ABRI-PCF-PORTES-CLOSES-600x809.jpg 600w, https:\/\/www.leseditionsduroqual.com\/wp-content\/uploads\/2023\/02\/ABRI-PCF-PORTES-CLOSES-222x300.jpg 222w\" sizes=\"auto, (max-width: 622px) 100vw, 622px\" \/><\/a><figcaption class=\"wp-element-caption\">Une fois les portes ferm\u00e9es, le local est \u00e9tanche et la ventilation se fait avec un syst\u00e8me \u00e9quip\u00e9 de filtres<\/figcaption><\/figure>\n<figcaption class=\"blocks-gallery-caption wp-element-caption\">Abri Nucl\u00e9aire Bact\u00e9riologique Chimique du si\u00e8ge du parti communiste fran\u00e7ais<\/figcaption><\/figure>\n\n\n\n<div class=\"wp-block-cover alignfull has-parallax\" style=\"min-height:500px;aspect-ratio:unset;\"><span aria-hidden=\"true\" class=\"wp-block-cover__background has-background-dim\"><\/span><div role=\"img\" class=\"wp-block-cover__image-background wp-image-53 has-parallax\" style=\"background-position:50% 50%;background-image:url(https:\/\/www.leseditionsduroqual.com\/wp-content\/uploads\/2023\/02\/ILLUSTRATION-DEGATS-BOMBEA.jpg)\"><\/div><div class=\"wp-block-cover__inner-container is-layout-flow wp-block-cover-is-layout-flow\">\n<h2 class=\"wp-block-heading alignwide has-text-align-center\"><strong>Une explosion de 50 m\u00e9gatonnes sur le quartier g\u00e9n\u00e9ral de l\u2019OTAN \u00e0 40 km au nord de Londres creuse un crat\u00e8re de plus de 500 m\u00e8tres de diam\u00e8tre et plus de 100 m\u00e8tres de profondeur.<\/strong><\/h2>\n<\/div><\/div>\n\n\n\n<div class=\"wp-block-columns alignwide is-layout-flex wp-container-core-columns-is-layout-28f84493 wp-block-columns-is-layout-flex\">\n<div class=\"wp-block-column is-layout-flow wp-block-column-is-layout-flow\">\n<p>Cette \u00e9norme quantit\u00e9 de terre, de cailloux, de b\u00e9ton, de morceaux de fer va \u00eatre propuls\u00e9e \u00e0 plus de 4 mille m\u00e8tres d\u2019altitude. Les morceaux les plus lourds retomberont dans un rayon de 10 km et l\u2019\u00e9norme quantit\u00e9 restante va former un nuage de petits morceaux et de poussi\u00e8res radioactives.<\/p>\n\n\n\n<p>Cet \u00e9norme nuage de poussi\u00e8res radioactives sera pouss\u00e9 par les vents en direction de la r\u00e9gion parisienne.<\/p>\n\n\n\n<p>Les habitants de Calais et sa r\u00e9gion auront 1 heure pour se placer dans une cave ou un parking souterrain pour se prot\u00e9ger du rayonnement gamma, ils devront y rester au minimum 50 heures car le niveau de ce rayonnement dans cette r\u00e9gion sera mortel pour toutes les personnes qui seront rest\u00e9es \u00e0 l\u2019ext\u00e9rieur pendant plus d\u2019une heure \u00e0 l\u2019arriv\u00e9e du nuage radioactif.<\/p>\n\n\n\n<p>Les habitants de la r\u00e9gion parisienne disposeront de 6 heures pour s\u2019organiser et se mettre \u00e0 l\u2019abri du rayonnement des retomb\u00e9es radioactives.<\/p>\n<\/div>\n\n\n\n<div class=\"wp-block-column is-layout-flow wp-block-column-is-layout-flow\">\n<p>Les dirigeants successifs de notre pays ainsi que les journalistes croient <strong>na\u00efvement<\/strong> que la France avec ses 290 ogives nucl\u00e9aires poss\u00e8de une force de dissuasion qui nous prot\u00e8ge de toute attaque nucl\u00e9aire.<\/p>\n\n\n\n<p><strong>C\u2019est un leurre, une chim\u00e8re\u2026<\/strong><\/p>\n\n\n\n<p>La France poss\u00e8de une force de dissuasion vis-\u00e0-vis des pays qui ne poss\u00e8dent pas d\u2019arme nucl\u00e9aire et pas d\u2019abri pour leur population civile.<\/p>\n\n\n\n<p>La France ne poss\u00e8de <strong>aucune force de dissuasion vis-\u00e0-vis de la Russie<\/strong> qui poss\u00e8de deux cent fois plus d\u2019ogives nucl\u00e9aires que nous, et dont la population civile de toutes les villes est prot\u00e9g\u00e9e par des abris NBC.<\/p>\n\n\n\n<p>Ce qu\u2019il faut surtout comprendre c\u2019est que l\u2019arm\u00e9e russe poss\u00e8de des moyens limit\u00e9s dans le domaine conventionnel face aux forces de l\u2019OTAN ; mais poss\u00e8de une force nucl\u00e9aire incomparablement sup\u00e9rieure face \u00e0 celle de l\u2019OTAN. Il faut \u00e9galement comprendre que les Etats Unis sont dix fois plus vuln\u00e9rables \u00e0 une attaque nucl\u00e9aire que la Russie.<\/p>\n<\/div>\n<\/div>\n","protected":false},"excerpt":{"rendered":"<p>Ce qu&rsquo;il faut savoir pour se prot\u00e9ger des retomb\u00e9es radioactives La premi\u00e8re partie de ce livre nous permet de comprendre pourquoi nous allons vers une guerre nucl\u00e9aire. La seconde partie nous permet de savoir ce qu\u2019il faut faire pour se prot\u00e9ger contre le rayonnement Gamma des retomb\u00e9es radioactives. \u00ab\u00a0Un livre qui nous captive d\u00e8s les&hellip; <a class=\"more-link\" href=\"https:\/\/www.leseditionsduroqual.com\/\">Poursuivre la lecture <span class=\"screen-reader-text\">Accueil<\/span><\/a><\/p>\n","protected":false},"author":1,"featured_media":0,"parent":0,"menu_order":0,"comment_status":"closed","ping_status":"closed","template":"","meta":{"footnotes":""},"class_list":["post-6","page","type-page","status-publish","hentry","entry"],"_links":{"self":[{"href":"https:\/\/www.leseditionsduroqual.com\/index.php\/wp-json\/wp\/v2\/pages\/6","targetHints":{"allow":["GET"]}}],"collection":[{"href":"https:\/\/www.leseditionsduroqual.com\/index.php\/wp-json\/wp\/v2\/pages"}],"about":[{"href":"https:\/\/www.leseditionsduroqual.com\/index.php\/wp-json\/wp\/v2\/types\/page"}],"author":[{"embeddable":true,"href":"https:\/\/www.leseditionsduroqual.com\/index.php\/wp-json\/wp\/v2\/users\/1"}],"replies":[{"embeddable":true,"href":"https:\/\/www.leseditionsduroqual.com\/index.php\/wp-json\/wp\/v2\/comments?post=6"}],"version-history":[{"count":28,"href":"https:\/\/www.leseditionsduroqual.com\/index.php\/wp-json\/wp\/v2\/pages\/6\/revisions"}],"predecessor-version":[{"id":503,"href":"https:\/\/www.leseditionsduroqual.com\/index.php\/wp-json\/wp\/v2\/pages\/6\/revisions\/503"}],"wp:attachment":[{"href":"https:\/\/www.leseditionsduroqual.com\/index.php\/wp-json\/wp\/v2\/media?parent=6"}],"curies":[{"name":"wp","href":"https:\/\/api.w.org\/{rel}","templated":true}]}}