{"id":61,"date":"2023-02-06T10:48:09","date_gmt":"2023-02-06T09:48:09","guid":{"rendered":"https:\/\/www.leseditionsduroqual.com\/editionsduroqual\/?page_id=61"},"modified":"2023-02-06T15:14:52","modified_gmt":"2023-02-06T14:14:52","slug":"lauteur","status":"publish","type":"page","link":"https:\/\/www.leseditionsduroqual.com\/index.php\/lauteur\/","title":{"rendered":"L&rsquo;auteur"},"content":{"rendered":"\n<div class=\"wp-block-cover alignfull is-light\" style=\"min-height:500px;aspect-ratio:unset;\"><span aria-hidden=\"true\" class=\"wp-block-cover__background has-background-dim-0 has-background-dim\"><\/span><img loading=\"lazy\" decoding=\"async\" width=\"2500\" height=\"832\" sizes=\"auto, (max-width: 799px) 200vw,(max-width: 2500px) 100vw,2500px\" class=\"wp-block-cover__image-background wp-image-126\" alt=\"\" src=\"https:\/\/www.leseditionsduroqual.com\/editionsduroqual\/wp-content\/uploads\/2023\/02\/ILLUSTRATION-LAUTEUR.jpg\" style=\"object-position:50% 74%\" data-object-fit=\"cover\" data-object-position=\"50% 74%\" srcset=\"https:\/\/www.leseditionsduroqual.com\/wp-content\/uploads\/2023\/02\/ILLUSTRATION-LAUTEUR.jpg 2500w, https:\/\/www.leseditionsduroqual.com\/wp-content\/uploads\/2023\/02\/ILLUSTRATION-LAUTEUR-600x200.jpg 600w, https:\/\/www.leseditionsduroqual.com\/wp-content\/uploads\/2023\/02\/ILLUSTRATION-LAUTEUR-300x100.jpg 300w, https:\/\/www.leseditionsduroqual.com\/wp-content\/uploads\/2023\/02\/ILLUSTRATION-LAUTEUR-1024x341.jpg 1024w, https:\/\/www.leseditionsduroqual.com\/wp-content\/uploads\/2023\/02\/ILLUSTRATION-LAUTEUR-768x256.jpg 768w, https:\/\/www.leseditionsduroqual.com\/wp-content\/uploads\/2023\/02\/ILLUSTRATION-LAUTEUR-1536x511.jpg 1536w, https:\/\/www.leseditionsduroqual.com\/wp-content\/uploads\/2023\/02\/ILLUSTRATION-LAUTEUR-2048x682.jpg 2048w, https:\/\/www.leseditionsduroqual.com\/wp-content\/uploads\/2023\/02\/ILLUSTRATION-LAUTEUR-1568x522.jpg 1568w\" \/><div class=\"wp-block-cover__inner-container is-layout-flow wp-block-cover-is-layout-flow\">\n<h1 class=\"has-text-align-center has-black-color has-text-color wp-block-heading\">L&rsquo;auteur<\/h1>\n<\/div><\/div>\n\n\n\n<div class=\"wp-block-columns alignwide is-layout-flex wp-container-core-columns-is-layout-28f84493 wp-block-columns-is-layout-flex\">\n<div class=\"wp-block-column is-layout-flow wp-block-column-is-layout-flow\">\n<p>G\u00e9rard CHEVRIER est un industriel n\u00e9 en 1943 dans la banlieue parisienne.<\/p>\n\n\n\n<p>En 1975, il con\u00e7oit un nouveau proc\u00e9d\u00e9 de production industriel pour fabriquer des sangles unidirectionnelles. Il dessine chaque machine, et avec une \u00e9quipe de tourneurs, fraiseurs, soudeurs, construit les deux premi\u00e8res lignes de production chacune mesurant 15 m\u00e8tres de long.<\/p>\n\n\n\n<p>Jusqu\u2019en 1977, toutes les charges lourdes \u00e9taient cercl\u00e9es par des bandes m\u00e9talliques pour le transport et les manutentions. Les palettes de papier d\u20191 tonne, les palanques de bois, les palettes de produits lourds \u00e9taient cercl\u00e9es par des bandes d\u2019acier appel\u00e9es feuillards m\u00e9talliques&nbsp;; et faisaient chaque jour des bless\u00e9s en France et dans les autres pays.<\/p>\n\n\n\n<p>A partir de 1977, il va remplacer ces produits dangereux par des sangles constitu\u00e9es de fils de haute t\u00e9nacit\u00e9 coll\u00e9s en parall\u00e8le les uns contre les autres, fabriqu\u00e9es par son entreprise. En cinq ann\u00e9es, c\u2019est plus de 3 500 entreprises qui vont s\u2019\u00e9quiper de sangles de cerclage et de sangles d\u2019arrimage produites par la soci\u00e9t\u00e9 DE LAMA.<\/p>\n\n\n\n<p>En 1982, il construit deux abris N.B.C. et \u00e9crit un livre qu\u2019il publie sous le pseudonyme de G\u00e9rard CHEVALIER.<\/p>\n\n\n\n<p>En 1987, il dessine les plans de construction du nouveau si\u00e8ge social de la soci\u00e9t\u00e9 DE LAMA et r\u00e9alise les plans de calepinage. Le b\u00e2timent fait 7 mille m\u00e8tres carr\u00e9s tout en pierre de taille massive.<\/p>\n\n\n\n<p>En 1990, il con\u00e7oit un proc\u00e9d\u00e9 de fabrication pour produire un mono filament de polyester pour remplacer des fils d\u2019acier dans plusieurs domaines d\u2019application.<\/p>\n\n\n\n<p>En 1993, il con\u00e7oit et dessine une ligne de production pour fabriquer des tubes thermoplastiques renforc\u00e9s d\u2019aramides (Kevlar), pour transporter le p\u00e9trole et le gaz \u00e0 tr\u00e8s haute pression pour les r\u00e9seaux flow line sur des champs de p\u00e9trole.<\/p>\n<\/div>\n\n\n\n<div class=\"wp-block-column is-layout-flow wp-block-column-is-layout-flow\">\n<p>Il cr\u00e9e la soci\u00e9t\u00e9 \u00ab&nbsp;Les tubes d\u2019Aquitaine&nbsp;\u00bb en 1994, il con\u00e7oit et dessine quatre lignes de production de 80 m\u00e8tres de long chacune. Chaque ligne produit un diam\u00e8tre de tube diff\u00e9rent allant de 3 \u00e0 10 pouces.<\/p>\n\n\n\n<p>De1996 \u00e0 2001, la soci\u00e9t\u00e9 \u00ab&nbsp;Les tubes d\u2019Aquitaine&nbsp;\u00bb sera la seule dans le monde \u00e0 produire ce type de tubes renforc\u00e9s.<\/p>\n\n\n\n<p>Les dirigeants et des \u00e9quipes d\u2019ing\u00e9nieurs des plus grands groupes p\u00e9troliers et gaziers lui rendent visite&nbsp;: Gazprom, Zapzig gasprom, Lukoil, Rosneft, Yukos, British Petroleum, British Gaz, Shell International\u2026etc<\/p>\n\n\n\n<p>Tous veulent acheter ses proc\u00e9d\u00e9s et ses lignes de production&nbsp;!<\/p>\n\n\n\n<p>Les lignes de production et les proc\u00e9d\u00e9s de fabrication seront achet\u00e9s en juillet 2001, par la plus grosse soci\u00e9t\u00e9 de produits parap\u00e9troliers, le groupe Halliburton, employant 97 mille personnes dans le Monde.<\/p>\n\n\n\n<p>En 2003, il con\u00e7oit et dessine une ligne de production pour fabriquer des c\u00e2bles \u00e0 partir de mono-filaments de polyester&nbsp;; et obtiendra le prix de l\u2019innovation en 2013 pour la fabrication du premier c\u00e2ble non m\u00e9tallique.<\/p>\n\n\n\n<p>En 2007, il cr\u00e9e la soci\u00e9t\u00e9 DELTEX qui utilise ses proc\u00e9d\u00e9s pour fabriquer des mono-filaments de polyester et des c\u00e2bles construits \u00e0 partir de ces mono-filaments.<\/p>\n\n\n\n<p>Au cours de sa vie professionnelle, G\u00e9rard CHEVRIER a con\u00e7u plusieurs proc\u00e9d\u00e9s industriels de fabrication&nbsp;; et a cr\u00e9\u00e9 plus de 75 produits. Sa derni\u00e8re innovation&nbsp;: des structures de 3 hectares chacune&nbsp;; faites de c\u00e2bles et de fils portant un filet d\u2019ombrage permettant d\u2019\u00e9conomiser 80% d\u2019eau pour la culture en plein d\u00e9sert.<\/p>\n<\/div>\n<\/div>\n","protected":false},"excerpt":{"rendered":"<p>G\u00e9rard CHEVRIER est un industriel n\u00e9 en 1943 dans la banlieue parisienne. En 1975, il con\u00e7oit un nouveau proc\u00e9d\u00e9 de production industriel pour fabriquer des sangles unidirectionnelles. Il dessine chaque machine, et avec une \u00e9quipe de tourneurs, fraiseurs, soudeurs, construit les deux premi\u00e8res lignes de production chacune mesurant 15 m\u00e8tres de long. Jusqu\u2019en 1977, toutes&hellip; <a class=\"more-link\" href=\"https:\/\/www.leseditionsduroqual.com\/index.php\/lauteur\/\">Poursuivre la lecture <span class=\"screen-reader-text\">L&rsquo;auteur<\/span><\/a><\/p>\n","protected":false},"author":1,"featured_media":0,"parent":0,"menu_order":0,"comment_status":"closed","ping_status":"closed","template":"tw-no-title.php","meta":{"footnotes":""},"class_list":["post-61","page","type-page","status-publish","hentry","entry"],"_links":{"self":[{"href":"https:\/\/www.leseditionsduroqual.com\/index.php\/wp-json\/wp\/v2\/pages\/61","targetHints":{"allow":["GET"]}}],"collection":[{"href":"https:\/\/www.leseditionsduroqual.com\/index.php\/wp-json\/wp\/v2\/pages"}],"about":[{"href":"https:\/\/www.leseditionsduroqual.com\/index.php\/wp-json\/wp\/v2\/types\/page"}],"author":[{"embeddable":true,"href":"https:\/\/www.leseditionsduroqual.com\/index.php\/wp-json\/wp\/v2\/users\/1"}],"replies":[{"embeddable":true,"href":"https:\/\/www.leseditionsduroqual.com\/index.php\/wp-json\/wp\/v2\/comments?post=61"}],"version-history":[{"count":6,"href":"https:\/\/www.leseditionsduroqual.com\/index.php\/wp-json\/wp\/v2\/pages\/61\/revisions"}],"predecessor-version":[{"id":129,"href":"https:\/\/www.leseditionsduroqual.com\/index.php\/wp-json\/wp\/v2\/pages\/61\/revisions\/129"}],"wp:attachment":[{"href":"https:\/\/www.leseditionsduroqual.com\/index.php\/wp-json\/wp\/v2\/media?parent=61"}],"curies":[{"name":"wp","href":"https:\/\/api.w.org\/{rel}","templated":true}]}}